{"id":2,"date":"2026-02-09T14:39:40","date_gmt":"2026-02-09T14:39:40","guid":{"rendered":"https:\/\/radoslav.delina.website.tuke.sk\/?page_id=2"},"modified":"2026-03-16T10:25:17","modified_gmt":"2026-03-16T10:25:17","slug":"sample-page","status":"publish","type":"page","link":"https:\/\/radoslav.delina.website.tuke.sk\/","title":{"rendered":"Home"},"content":{"rendered":"<style>.kb-row-layout-id2_7c295d-ca > .kt-row-column-wrap{align-content:center;}:where(.kb-row-layout-id2_7c295d-ca > .kt-row-column-wrap) > .wp-block-kadence-column{justify-content:center;}.kb-row-layout-id2_7c295d-ca > .kt-row-column-wrap{column-gap:var(--global-kb-gap-md, 2rem);row-gap:var(--global-kb-gap-md, 2rem);max-width:var( --global-content-width, 1290px );padding-left:var(--global-content-edge-padding);padding-right:var(--global-content-edge-padding);padding-top:var(--global-kb-spacing-md, 2rem);grid-template-columns:minmax(0, calc(40% - ((var(--global-kb-gap-md, 2rem) * 1 )\/2)))minmax(0, calc(60% - ((var(--global-kb-gap-md, 2rem) * 1 )\/2)));}.kb-row-layout-id2_7c295d-ca{background-image:url('https:\/\/radoslav.delina.website.tuke.sk\/wp-content\/uploads\/2026\/02\/ChatGPT-Image-10.-2.-2026-08_48_52-4.png');background-size:cover;background-position:13% 31%;background-attachment:scroll;background-repeat:no-repeat;}.kb-row-layout-id2_7c295d-ca > .kt-row-layout-overlay{opacity:0.00;background-color:#ffffff;}@media all and (max-width: 1024px){.kb-row-layout-id2_7c295d-ca > .kt-row-column-wrap{grid-template-columns:minmax(0, 1fr);}}@media all and (max-width: 1024px){.kb-row-layout-id2_7c295d-ca > .kt-row-layout-overlay{opacity:1;background:linear-gradient(180deg,var(--global-palette8,#F7FAFC) 53%,rgba(247,250,252,0) 100%);}}@media all and (max-width: 767px){.kb-row-layout-id2_7c295d-ca > .kt-row-column-wrap{grid-template-columns:minmax(0, 1fr);}}<\/style><div class=\"kb-row-layout-wrap kb-row-layout-id2_7c295d-ca alignfull kt-row-has-bg wp-block-kadence-rowlayout\"><div class=\"kt-row-layout-overlay kt-row-overlay-normal\"><\/div><div class=\"kt-row-column-wrap kt-has-2-columns kt-row-layout-equal kt-tab-layout-row kt-mobile-layout-row kt-row-valign-middle kb-theme-content-width\">\n<style>.kadence-column2_c0e3ee-4e > .kt-inside-inner-col,.kadence-column2_c0e3ee-4e > .kt-inside-inner-col:before{border-top-left-radius:0px;border-top-right-radius:0px;border-bottom-right-radius:0px;border-bottom-left-radius:0px;}.kadence-column2_c0e3ee-4e > .kt-inside-inner-col{column-gap:var(--global-kb-gap-sm, 1rem);}.kadence-column2_c0e3ee-4e > .kt-inside-inner-col{flex-direction:column;}.kadence-column2_c0e3ee-4e > .kt-inside-inner-col > .aligncenter{width:100%;}.kadence-column2_c0e3ee-4e > .kt-inside-inner-col:before{opacity:0.3;}.kadence-column2_c0e3ee-4e{position:relative;}@media all and (max-width: 1024px){.kadence-column2_c0e3ee-4e{text-align:center;}}@media all and (max-width: 1024px){.kadence-column2_c0e3ee-4e > .kt-inside-inner-col{flex-direction:column;justify-content:center;}}@media all and (max-width: 767px){.kadence-column2_c0e3ee-4e > .kt-inside-inner-col{flex-direction:column;justify-content:center;}}<\/style>\n<div class=\"wp-block-kadence-column kadence-column2_c0e3ee-4e kb-section-dir-vertical inner-column-1\"><div class=\"kt-inside-inner-col\"><style>.wp-block-kadence-advancedheading.kt-adv-heading2_797dcc-c3, .wp-block-kadence-advancedheading.kt-adv-heading2_797dcc-c3[data-kb-block=\"kb-adv-heading2_797dcc-c3\"]{display:block;margin-bottom:var(--global-kb-spacing-xs, 1rem);font-style:normal;text-transform:uppercase;}.wp-block-kadence-advancedheading.kt-adv-heading2_797dcc-c3 mark.kt-highlight, .wp-block-kadence-advancedheading.kt-adv-heading2_797dcc-c3[data-kb-block=\"kb-adv-heading2_797dcc-c3\"] mark.kt-highlight{font-style:normal;color:#f76a0c;-webkit-box-decoration-break:clone;box-decoration-break:clone;padding-top:0px;padding-right:0px;padding-bottom:0px;padding-left:0px;}.wp-block-kadence-advancedheading.kt-adv-heading2_797dcc-c3 img.kb-inline-image, .wp-block-kadence-advancedheading.kt-adv-heading2_797dcc-c3[data-kb-block=\"kb-adv-heading2_797dcc-c3\"] img.kb-inline-image{width:150px;vertical-align:baseline;}<\/style>\n<span class=\"kt-adv-heading2_797dcc-c3 wp-block-kadence-advancedheading has-theme-palette-1-color has-text-color\" data-kb-block=\"kb-adv-heading2_797dcc-c3\">Overline<\/span>\n\n\n<style>.wp-block-kadence-advancedheading.kt-adv-heading2_2432ec-c7, .wp-block-kadence-advancedheading.kt-adv-heading2_2432ec-c7[data-kb-block=\"kb-adv-heading2_2432ec-c7\"]{margin-top:0px;margin-bottom:var(--global-kb-spacing-lg, 3rem);font-size:var(--global-kb-font-size-xl, 3rem);line-height:1.2;font-style:normal;}.wp-block-kadence-advancedheading.kt-adv-heading2_2432ec-c7 mark.kt-highlight, .wp-block-kadence-advancedheading.kt-adv-heading2_2432ec-c7[data-kb-block=\"kb-adv-heading2_2432ec-c7\"] mark.kt-highlight{font-style:normal;color:#f76a0c;-webkit-box-decoration-break:clone;box-decoration-break:clone;padding-top:0px;padding-right:0px;padding-bottom:0px;padding-left:0px;}.wp-block-kadence-advancedheading.kt-adv-heading2_2432ec-c7 img.kb-inline-image, .wp-block-kadence-advancedheading.kt-adv-heading2_2432ec-c7[data-kb-block=\"kb-adv-heading2_2432ec-c7\"] img.kb-inline-image{width:150px;vertical-align:baseline;}@media all and (max-width: 1024px){.wp-block-kadence-advancedheading.kt-adv-heading2_2432ec-c7, .wp-block-kadence-advancedheading.kt-adv-heading2_2432ec-c7[data-kb-block=\"kb-adv-heading2_2432ec-c7\"]{text-align:center!important;}}<\/style>\n<h1 class=\"kt-adv-heading2_2432ec-c7 wp-block-kadence-advancedheading has-theme-palette-3-color has-text-color\" data-kb-block=\"kb-adv-heading2_2432ec-c7\">AI a d\u00e1ta pre business a spolo\u010dnos\u0165<\/h1>\n\n\n<style>.wp-block-kadence-advancedheading.kt-adv-heading2_1686ee-a7, .wp-block-kadence-advancedheading.kt-adv-heading2_1686ee-a7[data-kb-block=\"kb-adv-heading2_1686ee-a7\"]{font-style:normal;}.wp-block-kadence-advancedheading.kt-adv-heading2_1686ee-a7 mark.kt-highlight, .wp-block-kadence-advancedheading.kt-adv-heading2_1686ee-a7[data-kb-block=\"kb-adv-heading2_1686ee-a7\"] mark.kt-highlight{font-style:normal;color:#f76a0c;-webkit-box-decoration-break:clone;box-decoration-break:clone;padding-top:0px;padding-right:0px;padding-bottom:0px;padding-left:0px;}.wp-block-kadence-advancedheading.kt-adv-heading2_1686ee-a7 img.kb-inline-image, .wp-block-kadence-advancedheading.kt-adv-heading2_1686ee-a7[data-kb-block=\"kb-adv-heading2_1686ee-a7\"] img.kb-inline-image{width:150px;vertical-align:baseline;}@media all and (max-width: 1024px){.wp-block-kadence-advancedheading.kt-adv-heading2_1686ee-a7, .wp-block-kadence-advancedheading.kt-adv-heading2_1686ee-a7[data-kb-block=\"kb-adv-heading2_1686ee-a7\"]{text-align:center!important;}}<\/style>\n<p class=\"kt-adv-heading2_1686ee-a7 wp-block-kadence-advancedheading has-theme-palette-4-color has-text-color\" data-kb-block=\"kb-adv-heading2_1686ee-a7\">V na\u0161om living labe sa sna\u017e\u00edme prinies\u0165 progres\u00edvne filozofie pre rozvoj komer\u010dn\u00fdch ale aj otvoren\u00fdch a soci\u00e1lnych inov\u00e1ci\u00ed, v\u00fdskumu a rozvoja spolo\u010dnosti. <\/p>\n\n\n\n<p class=\"has-text-align-center\"><strong>Pridajte sa k n\u00e1m a spolu tvorme lep\u0161\u00ed svet!<\/strong><\/p>\n<\/div><\/div>\n\n\n<style>.kadence-column2_172276-8e > .kt-inside-inner-col,.kadence-column2_172276-8e > .kt-inside-inner-col:before{border-top-left-radius:0px;border-top-right-radius:0px;border-bottom-right-radius:0px;border-bottom-left-radius:0px;}.kadence-column2_172276-8e > .kt-inside-inner-col{column-gap:var(--global-kb-gap-sm, 1rem);}.kadence-column2_172276-8e > .kt-inside-inner-col{flex-direction:column;}.kadence-column2_172276-8e > .kt-inside-inner-col > .aligncenter{width:100%;}.kadence-column2_172276-8e > .kt-inside-inner-col:before{opacity:0.3;}.kadence-column2_172276-8e{position:relative;}@media all and (max-width: 1024px){.kadence-column2_172276-8e > .kt-inside-inner-col{flex-direction:column;justify-content:center;}}@media all and (max-width: 767px){.kadence-column2_172276-8e > .kt-inside-inner-col{flex-direction:column;justify-content:center;}}<\/style>\n<div class=\"wp-block-kadence-column kadence-column2_172276-8e kvs-md-false kvs-sm-false inner-column-2\"><div class=\"kt-inside-inner-col\"><\/div><\/div>\n\n<\/div><\/div>\n\n\n<div class=\"wp-block-columns is-layout-flex wp-container-core-columns-is-layout-9d6595d7 wp-block-columns-is-layout-flex\">\n<div class=\"wp-block-column is-layout-flow wp-block-column-is-layout-flow\"><\/div>\n\n\n\n<div class=\"wp-block-column is-layout-flow wp-block-column-is-layout-flow\"><style>.kb-row-layout-id2_0164c2-14 > .kt-row-column-wrap{align-content:start;}:where(.kb-row-layout-id2_0164c2-14 > .kt-row-column-wrap) > .wp-block-kadence-column{justify-content:start;}.kb-row-layout-id2_0164c2-14 > .kt-row-column-wrap{column-gap:var(--global-kb-gap-md, 2rem);row-gap:var(--global-kb-gap-md, 2rem);padding-bottom:var(--global-kb-spacing-sm, 1.5rem);grid-template-columns:minmax(0, 1fr);}.kb-row-layout-id2_0164c2-14 > .kt-row-layout-overlay{opacity:0.30;}@media all and (max-width: 1024px){.kb-row-layout-id2_0164c2-14 > .kt-row-column-wrap{grid-template-columns:minmax(0, 1fr);}}@media all and (max-width: 767px){.kb-row-layout-id2_0164c2-14 > .kt-row-column-wrap{grid-template-columns:minmax(0, 1fr);}}<\/style><div class=\"kb-row-layout-wrap kb-row-layout-id2_0164c2-14 alignnone wp-block-kadence-rowlayout\"><div class=\"kt-row-column-wrap kt-has-1-columns kt-row-layout-equal kt-tab-layout-inherit kt-mobile-layout-row kt-row-valign-top\">\n<style>.kadence-column2_3a6fd9-06 > .kt-inside-inner-col,.kadence-column2_3a6fd9-06 > .kt-inside-inner-col:before{border-top-left-radius:0px;border-top-right-radius:0px;border-bottom-right-radius:0px;border-bottom-left-radius:0px;}.kadence-column2_3a6fd9-06 > .kt-inside-inner-col{column-gap:var(--global-kb-gap-sm, 1rem);}.kadence-column2_3a6fd9-06 > .kt-inside-inner-col{flex-direction:column;}.kadence-column2_3a6fd9-06 > .kt-inside-inner-col > .aligncenter{width:100%;}.kadence-column2_3a6fd9-06 > .kt-inside-inner-col:before{opacity:0.3;}.kadence-column2_3a6fd9-06{position:relative;}@media all and (max-width: 1024px){.kadence-column2_3a6fd9-06 > .kt-inside-inner-col{flex-direction:column;justify-content:center;}}@media all and (max-width: 767px){.kadence-column2_3a6fd9-06 > .kt-inside-inner-col{flex-direction:column;justify-content:center;}}<\/style>\n<div class=\"wp-block-kadence-column kadence-column2_3a6fd9-06\"><div class=\"kt-inside-inner-col\"><\/div><\/div>\n\n<\/div><\/div><\/div>\n\n\n\n<div class=\"wp-block-column is-layout-flow wp-block-column-is-layout-flow\"><\/div>\n<\/div>\n\n\n\n<p><\/p>\n","protected":false},"excerpt":{"rendered":"<p>Overline AI a d\u00e1ta pre business a spolo\u010dnos\u0165 V na\u0161om living labe sa sna\u017e\u00edme prinies\u0165 progres\u00edvne filozofie pre rozvoj komer\u010dn\u00fdch ale aj otvoren\u00fdch a soci\u00e1lnych inov\u00e1ci\u00ed, v\u00fdskumu a rozvoja spolo\u010dnosti. Pridajte sa k n\u00e1m a spolu tvorme lep\u0161\u00ed svet!<\/p>\n","protected":false},"author":1,"featured_media":50,"parent":0,"menu_order":0,"comment_status":"closed","ping_status":"closed","template":"","meta":{"_kadence_starter_templates_imported_post":false,"_kad_post_transparent":"default","_kad_post_title":"hide","_kad_post_layout":"fullwidth","_kad_post_sidebar_id":"","_kad_post_content_style":"","_kad_post_vertical_padding":"","_kad_post_feature":"default","_kad_post_feature_position":"","_kad_post_header":false,"_kad_post_footer":false,"_kad_post_classname":"","footnotes":""},"class_list":["post-2","page","type-page","status-publish","has-post-thumbnail","hentry"],"_links":{"self":[{"href":"https:\/\/radoslav.delina.website.tuke.sk\/index.php\/wp-json\/wp\/v2\/pages\/2","targetHints":{"allow":["GET"]}}],"collection":[{"href":"https:\/\/radoslav.delina.website.tuke.sk\/index.php\/wp-json\/wp\/v2\/pages"}],"about":[{"href":"https:\/\/radoslav.delina.website.tuke.sk\/index.php\/wp-json\/wp\/v2\/types\/page"}],"author":[{"embeddable":true,"href":"https:\/\/radoslav.delina.website.tuke.sk\/index.php\/wp-json\/wp\/v2\/users\/1"}],"replies":[{"embeddable":true,"href":"https:\/\/radoslav.delina.website.tuke.sk\/index.php\/wp-json\/wp\/v2\/comments?post=2"}],"version-history":[{"count":25,"href":"https:\/\/radoslav.delina.website.tuke.sk\/index.php\/wp-json\/wp\/v2\/pages\/2\/revisions"}],"predecessor-version":[{"id":120,"href":"https:\/\/radoslav.delina.website.tuke.sk\/index.php\/wp-json\/wp\/v2\/pages\/2\/revisions\/120"}],"wp:featuredmedia":[{"embeddable":true,"href":"https:\/\/radoslav.delina.website.tuke.sk\/index.php\/wp-json\/wp\/v2\/media\/50"}],"wp:attachment":[{"href":"https:\/\/radoslav.delina.website.tuke.sk\/index.php\/wp-json\/wp\/v2\/media?parent=2"}],"curies":[{"name":"wp","href":"https:\/\/api.w.org\/{rel}","templated":true}]}}